{"id":2558,"date":"2018-11-21T11:58:07","date_gmt":"2018-11-21T10:58:07","guid":{"rendered":"https:\/\/bankkultur.ch\/?page_id=2558"},"modified":"2018-11-24T22:10:49","modified_gmt":"2018-11-24T21:10:49","slug":"kunstkarten","status":"publish","type":"page","link":"https:\/\/bankkultur.ch\/fr\/de\/spenden\/kunstkarten\/","title":{"rendered":"TimberChill Art Design"},"content":{"rendered":"<style type=\"text\/css\"> \n#cmsms_row_69f24b852c92b { \n\tbackground-image: url(https:\/\/bankkultur.ch\/wp-content\/uploads\/2018\/11\/IMG_20181121_114757.jpg); \n\tbackground-position: bottom center; \n\tbackground-repeat: no-repeat; \n\tbackground-attachment: fixed; \n\tbackground-size: cover; \n} \n\n#cmsms_row_69f24b852c92b .cmsms_row_outer_parent { \n\tpadding-top: 150px; \n} \n\n#cmsms_row_69f24b852c92b .cmsms_row_outer_parent { \n\tpadding-bottom: 250px; \n} \n\n \n#cmsms_row_69f24b852da0b .cmsms_row_outer_parent { \n\tpadding-top: 0px; \n} \n\n#cmsms_row_69f24b852da0b .cmsms_row_outer_parent { \n\tpadding-bottom: 50px; \n} \n\n \n#cmsms_heading_69f24b852dbd1, #cmsms_heading_69f24b852dbd1 a { \n\tfont-weight:400; \n\tfont-style:normal; \n\tmargin-top:0px; \n\tmargin-bottom:20px; \n} \n \n#cmsms_row_69f24b852dc2a .cmsms_row_outer_parent { \n\tpadding-top: 0px; \n} \n\n#cmsms_row_69f24b852dc2a .cmsms_row_outer_parent { \n\tpadding-bottom: 50px; \n} \n\n<\/style><div id=\"cmsms_row_69f24b852c92b\" class=\"cmsms_row cmsms_color_scheme_default\" data-stellar-background-ratio=\"0.5\">\n<div class=\"cmsms_row_outer_parent\">\n<div class=\"cmsms_row_outer\">\n<div class=\"cmsms_row_inner\">\n<div class=\"cmsms_row_margin\">\n<div class=\"cmsms_column two_third\">\n<div class=\"custom_html\">\n<div style=\"background-color: white; opacity: 0.7; padding-top: 5px; padding-bottom:1px; padding-left:5px; padding-right: 5px; \">\n<h1 style=\"white-space: normal;\n    font-size: 40px;\n    line-height: 40px;\n    font-weight: 300;\n    color: rgb(10, 10, 10);\n    font-family: Roboto;\n    visibility: inherit;\n    transition: none;\n    letter-spacing: 0px;\">Kunstkarten TimberChill Art Design <\/h1>\n<\/div>\n<\/div>\n<\/div>\n<div class=\"cmsms_column one_third\">\n<\/div>\n<\/div>\n<\/div>\n<\/div>\n<\/div>\n<\/div>\n<div id=\"cmsms_row_69f24b852da0b\" class=\"cmsms_row cmsms_color_scheme_default\">\n<div class=\"cmsms_row_outer_parent\">\n<div class=\"cmsms_row_outer\">\n<div class=\"cmsms_row_inner\">\n<div class=\"cmsms_row_margin\">\n<div class=\"cmsms_column one_first\">\n<h1 id=\"cmsms_heading_69f24b852dbd1\" class=\"cmsms_heading\">TimberChill Art Design<\/h1>\n<\/div>\n<\/div>\n<\/div>\n<\/div>\n<\/div>\n<\/div>\n<div id=\"cmsms_row_69f24b852dc2a\" class=\"cmsms_row cmsms_color_scheme_default\">\n<div class=\"cmsms_row_outer_parent\">\n<div class=\"cmsms_row_outer\">\n<div class=\"cmsms_row_inner\">\n<div class=\"cmsms_row_margin\">\n<div class=\"cmsms_column one_half\">\n<div class=\"cmsms_text\">\n<p>TimberChill Art Design ist ein Projekt von Monika, unserer <a href=\"https:\/\/bankkultur.ch\/de\/kontakt\" target=\"_blank\" rel=\"noopener\">B\u00e4nkli-Botschafterin<\/a> und langj\u00e4hriges hoch aktives Mitglied der <a href=\"https:\/\/www.facebook.com\/groups\/bankgeheimnisse\" target=\"_blank\" rel=\"noopener\">Facebook-Gruppe &#8220;Bankgeheimnisse&#8221;<\/a>.<\/p>\n<\/div>\n<div class=\"cmsms_text\">\n<blockquote>\n<p>Meine Leidenschaft ist das fotografieren und so brachte mich meine Schwester auf die Idee, meine sch\u00f6nsten Bilder als Kunstkarten zu verkaufen. Da mir das B\u00e4nklikartenprojekt wegen meines angeborenen Herzfehlers sehr am Herzen liegt, kam mir die Idee, meine Karten als Spenden zu Verf\u00fcgung zu stellen. Ich w\u00fcrde mich riesig freuen, wenn meine Leidenschaft f\u00fcr B\u00e4nklis und Fotos unserem (jaja so entfinde ich das) Verein Bankkultur etwas Geld in die Kasse sp\u00fclte, um die B\u00e4nkli-Karte noch besser zu machen.<\/p>\n<\/blockquote>\n<\/div>\n<div class=\"cmsms_text\">\n<p><img loading=\"lazy\" class=\"alignnone wp-image-2575\" src=\"https:\/\/bankkultur.ch\/wp-content\/uploads\/2018\/11\/IMG_20181121_115221-150x145.jpg\" alt=\"\" width=\"444\" height=\"429\" srcset=\"https:\/\/bankkultur.ch\/wp-content\/uploads\/2018\/11\/IMG_20181121_115221-150x145.jpg 150w, https:\/\/bankkultur.ch\/wp-content\/uploads\/2018\/11\/IMG_20181121_115221-300x291.jpg 300w, https:\/\/bankkultur.ch\/wp-content\/uploads\/2018\/11\/IMG_20181121_115221-768x744.jpg 768w, https:\/\/bankkultur.ch\/wp-content\/uploads\/2018\/11\/IMG_20181121_115221-1024x992.jpg 1024w, https:\/\/bankkultur.ch\/wp-content\/uploads\/2018\/11\/IMG_20181121_115221-580x562.jpg 580w, https:\/\/bankkultur.ch\/wp-content\/uploads\/2018\/11\/IMG_20181121_115221-820x794.jpg 820w, https:\/\/bankkultur.ch\/wp-content\/uploads\/2018\/11\/IMG_20181121_115221-1160x1124.jpg 1160w, https:\/\/bankkultur.ch\/wp-content\/uploads\/2018\/11\/IMG_20181121_115221.jpg 1600w\" sizes=\"(max-width: 444px) 100vw, 444px\" \/><\/p>\n<\/div>\n<div class=\"cmsms_text\">\n<p>Eine Karte (300gr. Papier) wird geliefert mit farblich passendem Couvert, Innenblatt und Schutzh\u00fclle in Verpackung &amp; Versand mit B-Post.<\/p>\n<p>Monika geht dabei auf individuelle W\u00fcnsche ein. So k\u00f6nnen z.B. auch Texte auf Bilds gedruckt werden. Mindestst\u00fcckzahl f\u00fcr Bestellungen sind zwei gleiche Karten<\/p>\n<p>Kontakt k\u00f6nnt Ihr mit Monika aufnehmen via Ihrem\u00a0<a href=\"https:\/\/www.facebook.com\/monika.schwentner\" target=\"_blank\" rel=\"noopener\">Facebook-Profil<\/a>.<\/p>\n<\/div>\n<\/div>\n<div class=\"cmsms_column one_half\">\n<div class=\"cmsms_gallery\">\n<ul>\n<li class=\"one_half\">\n<figure><a href=\"https:\/\/bankkultur.ch\/wp-content\/uploads\/2018\/11\/23658798_1957453654578770_8378028387418333931_n.jpg\" rel=\"ilightbox[69f24b852e0f8]\"><img width=\"800\" height=\"533\" src=\"https:\/\/bankkultur.ch\/wp-content\/uploads\/2018\/11\/23658798_1957453654578770_8378028387418333931_n.jpg\" class=\"attachment-full size-full\" alt=\"\" loading=\"lazy\" srcset=\"https:\/\/bankkultur.ch\/wp-content\/uploads\/2018\/11\/23658798_1957453654578770_8378028387418333931_n.jpg 800w, https:\/\/bankkultur.ch\/wp-content\/uploads\/2018\/11\/23658798_1957453654578770_8378028387418333931_n-150x100.jpg 150w, https:\/\/bankkultur.ch\/wp-content\/uploads\/2018\/11\/23658798_1957453654578770_8378028387418333931_n-300x200.jpg 300w, https:\/\/bankkultur.ch\/wp-content\/uploads\/2018\/11\/23658798_1957453654578770_8378028387418333931_n-768x512.jpg 768w, https:\/\/bankkultur.ch\/wp-content\/uploads\/2018\/11\/23658798_1957453654578770_8378028387418333931_n-580x386.jpg 580w\" sizes=\"(max-width: 800px) 100vw, 800px\" \/><\/a><\/figure><\/li>\n<li class=\"one_half\">\n<figure><a href=\"https:\/\/bankkultur.ch\/wp-content\/uploads\/2018\/11\/23472186_1954853238172145_7299086349142291243_n.jpg\" rel=\"ilightbox[69f24b852e0f8]\"><img width=\"800\" height=\"533\" src=\"https:\/\/bankkultur.ch\/wp-content\/uploads\/2018\/11\/23472186_1954853238172145_7299086349142291243_n.jpg\" class=\"attachment-full size-full\" alt=\"\" loading=\"lazy\" srcset=\"https:\/\/bankkultur.ch\/wp-content\/uploads\/2018\/11\/23472186_1954853238172145_7299086349142291243_n.jpg 800w, https:\/\/bankkultur.ch\/wp-content\/uploads\/2018\/11\/23472186_1954853238172145_7299086349142291243_n-150x100.jpg 150w, https:\/\/bankkultur.ch\/wp-content\/uploads\/2018\/11\/23472186_1954853238172145_7299086349142291243_n-300x200.jpg 300w, https:\/\/bankkultur.ch\/wp-content\/uploads\/2018\/11\/23472186_1954853238172145_7299086349142291243_n-768x512.jpg 768w, https:\/\/bankkultur.ch\/wp-content\/uploads\/2018\/11\/23472186_1954853238172145_7299086349142291243_n-580x386.jpg 580w\" sizes=\"(max-width: 800px) 100vw, 800px\" \/><\/a><\/figure><\/li>\n<li class=\"one_half\">\n<figure><a href=\"https:\/\/bankkultur.ch\/wp-content\/uploads\/2018\/11\/23376352_1953527971638005_8745414408898915892_n.jpg\" rel=\"ilightbox[69f24b852e0f8]\"><img width=\"800\" height=\"600\" src=\"https:\/\/bankkultur.ch\/wp-content\/uploads\/2018\/11\/23376352_1953527971638005_8745414408898915892_n.jpg\" class=\"attachment-full size-full\" alt=\"\" loading=\"lazy\" srcset=\"https:\/\/bankkultur.ch\/wp-content\/uploads\/2018\/11\/23376352_1953527971638005_8745414408898915892_n.jpg 800w, https:\/\/bankkultur.ch\/wp-content\/uploads\/2018\/11\/23376352_1953527971638005_8745414408898915892_n-150x113.jpg 150w, https:\/\/bankkultur.ch\/wp-content\/uploads\/2018\/11\/23376352_1953527971638005_8745414408898915892_n-300x225.jpg 300w, https:\/\/bankkultur.ch\/wp-content\/uploads\/2018\/11\/23376352_1953527971638005_8745414408898915892_n-768x576.jpg 768w, https:\/\/bankkultur.ch\/wp-content\/uploads\/2018\/11\/23376352_1953527971638005_8745414408898915892_n-580x435.jpg 580w\" sizes=\"(max-width: 800px) 100vw, 800px\" \/><\/a><\/figure><\/li>\n<li class=\"one_half\">\n<figure><a href=\"https:\/\/bankkultur.ch\/wp-content\/uploads\/2018\/11\/24796350_1967677436889725_2839679743325826053_n.jpg\" rel=\"ilightbox[69f24b852e0f8]\"><img width=\"800\" height=\"533\" src=\"https:\/\/bankkultur.ch\/wp-content\/uploads\/2018\/11\/24796350_1967677436889725_2839679743325826053_n.jpg\" class=\"attachment-full size-full\" alt=\"\" loading=\"lazy\" srcset=\"https:\/\/bankkultur.ch\/wp-content\/uploads\/2018\/11\/24796350_1967677436889725_2839679743325826053_n.jpg 800w, https:\/\/bankkultur.ch\/wp-content\/uploads\/2018\/11\/24796350_1967677436889725_2839679743325826053_n-150x100.jpg 150w, https:\/\/bankkultur.ch\/wp-content\/uploads\/2018\/11\/24796350_1967677436889725_2839679743325826053_n-300x200.jpg 300w, https:\/\/bankkultur.ch\/wp-content\/uploads\/2018\/11\/24796350_1967677436889725_2839679743325826053_n-768x512.jpg 768w, https:\/\/bankkultur.ch\/wp-content\/uploads\/2018\/11\/24796350_1967677436889725_2839679743325826053_n-580x386.jpg 580w\" sizes=\"(max-width: 800px) 100vw, 800px\" \/><\/a><\/figure><\/li>\n<li class=\"one_half\">\n<figure><a href=\"https:\/\/bankkultur.ch\/wp-content\/uploads\/2018\/11\/23473255_1954688894855246_6454399277729989477_n.jpg\" rel=\"ilightbox[69f24b852e0f8]\"><img width=\"800\" height=\"533\" src=\"https:\/\/bankkultur.ch\/wp-content\/uploads\/2018\/11\/23473255_1954688894855246_6454399277729989477_n.jpg\" class=\"attachment-full size-full\" alt=\"\" loading=\"lazy\" srcset=\"https:\/\/bankkultur.ch\/wp-content\/uploads\/2018\/11\/23473255_1954688894855246_6454399277729989477_n.jpg 800w, https:\/\/bankkultur.ch\/wp-content\/uploads\/2018\/11\/23473255_1954688894855246_6454399277729989477_n-150x100.jpg 150w, https:\/\/bankkultur.ch\/wp-content\/uploads\/2018\/11\/23473255_1954688894855246_6454399277729989477_n-300x200.jpg 300w, https:\/\/bankkultur.ch\/wp-content\/uploads\/2018\/11\/23473255_1954688894855246_6454399277729989477_n-768x512.jpg 768w, https:\/\/bankkultur.ch\/wp-content\/uploads\/2018\/11\/23473255_1954688894855246_6454399277729989477_n-580x386.jpg 580w\" sizes=\"(max-width: 800px) 100vw, 800px\" \/><\/a><\/figure><\/li>\n<li class=\"one_half\">\n<figure><a href=\"https:\/\/bankkultur.ch\/wp-content\/uploads\/2018\/11\/23621441_1957452681245534_4119982327765948858_n.jpg\" rel=\"ilightbox[69f24b852e0f8]\"><img width=\"800\" height=\"533\" src=\"https:\/\/bankkultur.ch\/wp-content\/uploads\/2018\/11\/23621441_1957452681245534_4119982327765948858_n.jpg\" class=\"attachment-full size-full\" alt=\"\" loading=\"lazy\" srcset=\"https:\/\/bankkultur.ch\/wp-content\/uploads\/2018\/11\/23621441_1957452681245534_4119982327765948858_n.jpg 800w, https:\/\/bankkultur.ch\/wp-content\/uploads\/2018\/11\/23621441_1957452681245534_4119982327765948858_n-150x100.jpg 150w, https:\/\/bankkultur.ch\/wp-content\/uploads\/2018\/11\/23621441_1957452681245534_4119982327765948858_n-300x200.jpg 300w, https:\/\/bankkultur.ch\/wp-content\/uploads\/2018\/11\/23621441_1957452681245534_4119982327765948858_n-768x512.jpg 768w, https:\/\/bankkultur.ch\/wp-content\/uploads\/2018\/11\/23621441_1957452681245534_4119982327765948858_n-580x386.jpg 580w\" sizes=\"(max-width: 800px) 100vw, 800px\" \/><\/a><\/figure><\/li>\n<li class=\"one_half\">\n<figure><a href=\"https:\/\/bankkultur.ch\/wp-content\/uploads\/2018\/11\/24909809_1966411590349643_5893784636668738487_n.jpg\" rel=\"ilightbox[69f24b852e0f8]\"><img width=\"800\" height=\"533\" src=\"https:\/\/bankkultur.ch\/wp-content\/uploads\/2018\/11\/24909809_1966411590349643_5893784636668738487_n.jpg\" class=\"attachment-full size-full\" alt=\"\" loading=\"lazy\" srcset=\"https:\/\/bankkultur.ch\/wp-content\/uploads\/2018\/11\/24909809_1966411590349643_5893784636668738487_n.jpg 800w, https:\/\/bankkultur.ch\/wp-content\/uploads\/2018\/11\/24909809_1966411590349643_5893784636668738487_n-150x100.jpg 150w, https:\/\/bankkultur.ch\/wp-content\/uploads\/2018\/11\/24909809_1966411590349643_5893784636668738487_n-300x200.jpg 300w, https:\/\/bankkultur.ch\/wp-content\/uploads\/2018\/11\/24909809_1966411590349643_5893784636668738487_n-768x512.jpg 768w, https:\/\/bankkultur.ch\/wp-content\/uploads\/2018\/11\/24909809_1966411590349643_5893784636668738487_n-580x386.jpg 580w\" sizes=\"(max-width: 800px) 100vw, 800px\" \/><\/a><\/figure><\/li>\n<li class=\"one_half\">\n<figure><a href=\"https:\/\/bankkultur.ch\/wp-content\/uploads\/2018\/11\/24231757_1964369560553846_6613373760245854626_n.jpg\" rel=\"ilightbox[69f24b852e0f8]\"><img width=\"533\" height=\"800\" src=\"https:\/\/bankkultur.ch\/wp-content\/uploads\/2018\/11\/24231757_1964369560553846_6613373760245854626_n.jpg\" class=\"attachment-full size-full\" alt=\"\" loading=\"lazy\" srcset=\"https:\/\/bankkultur.ch\/wp-content\/uploads\/2018\/11\/24231757_1964369560553846_6613373760245854626_n.jpg 533w, https:\/\/bankkultur.ch\/wp-content\/uploads\/2018\/11\/24231757_1964369560553846_6613373760245854626_n-100x150.jpg 100w, https:\/\/bankkultur.ch\/wp-content\/uploads\/2018\/11\/24231757_1964369560553846_6613373760245854626_n-200x300.jpg 200w, https:\/\/bankkultur.ch\/wp-content\/uploads\/2018\/11\/24231757_1964369560553846_6613373760245854626_n-150x225.jpg 150w\" sizes=\"(max-width: 533px) 100vw, 533px\" \/><\/a><\/figure><\/li>\n<li class=\"one_half\">\n<figure><a href=\"https:\/\/bankkultur.ch\/wp-content\/uploads\/2018\/11\/23472151_1953084585015677_5754289788526234248_n.jpg\" rel=\"ilightbox[69f24b852e0f8]\"><img width=\"800\" height=\"600\" src=\"https:\/\/bankkultur.ch\/wp-content\/uploads\/2018\/11\/23472151_1953084585015677_5754289788526234248_n.jpg\" class=\"attachment-full size-full\" alt=\"\" loading=\"lazy\" srcset=\"https:\/\/bankkultur.ch\/wp-content\/uploads\/2018\/11\/23472151_1953084585015677_5754289788526234248_n.jpg 800w, https:\/\/bankkultur.ch\/wp-content\/uploads\/2018\/11\/23472151_1953084585015677_5754289788526234248_n-150x113.jpg 150w, https:\/\/bankkultur.ch\/wp-content\/uploads\/2018\/11\/23472151_1953084585015677_5754289788526234248_n-300x225.jpg 300w, https:\/\/bankkultur.ch\/wp-content\/uploads\/2018\/11\/23472151_1953084585015677_5754289788526234248_n-768x576.jpg 768w, https:\/\/bankkultur.ch\/wp-content\/uploads\/2018\/11\/23472151_1953084585015677_5754289788526234248_n-580x435.jpg 580w\" sizes=\"(max-width: 800px) 100vw, 800px\" \/><\/a><\/figure><\/li>\n<li class=\"one_half\">\n<figure><a href=\"https:\/\/bankkultur.ch\/wp-content\/uploads\/2018\/11\/23517887_1953528084971327_1568984495765190995_n.jpg\" rel=\"ilightbox[69f24b852e0f8]\"><img width=\"800\" height=\"600\" src=\"https:\/\/bankkultur.ch\/wp-content\/uploads\/2018\/11\/23517887_1953528084971327_1568984495765190995_n.jpg\" class=\"attachment-full size-full\" alt=\"\" loading=\"lazy\" srcset=\"https:\/\/bankkultur.ch\/wp-content\/uploads\/2018\/11\/23517887_1953528084971327_1568984495765190995_n.jpg 800w, https:\/\/bankkultur.ch\/wp-content\/uploads\/2018\/11\/23517887_1953528084971327_1568984495765190995_n-150x113.jpg 150w, https:\/\/bankkultur.ch\/wp-content\/uploads\/2018\/11\/23517887_1953528084971327_1568984495765190995_n-300x225.jpg 300w, https:\/\/bankkultur.ch\/wp-content\/uploads\/2018\/11\/23517887_1953528084971327_1568984495765190995_n-768x576.jpg 768w, https:\/\/bankkultur.ch\/wp-content\/uploads\/2018\/11\/23517887_1953528084971327_1568984495765190995_n-580x435.jpg 580w\" sizes=\"(max-width: 800px) 100vw, 800px\" \/><\/a><\/figure><\/li>\n<li class=\"one_half\">\n<figure><a href=\"https:\/\/bankkultur.ch\/wp-content\/uploads\/2018\/11\/22852062_1952835785040557_6271015126290753037_n.jpg\" rel=\"ilightbox[69f24b852e0f8]\"><img width=\"800\" height=\"533\" src=\"https:\/\/bankkultur.ch\/wp-content\/uploads\/2018\/11\/22852062_1952835785040557_6271015126290753037_n.jpg\" class=\"attachment-full size-full\" alt=\"\" loading=\"lazy\" srcset=\"https:\/\/bankkultur.ch\/wp-content\/uploads\/2018\/11\/22852062_1952835785040557_6271015126290753037_n.jpg 800w, https:\/\/bankkultur.ch\/wp-content\/uploads\/2018\/11\/22852062_1952835785040557_6271015126290753037_n-150x100.jpg 150w, https:\/\/bankkultur.ch\/wp-content\/uploads\/2018\/11\/22852062_1952835785040557_6271015126290753037_n-300x200.jpg 300w, https:\/\/bankkultur.ch\/wp-content\/uploads\/2018\/11\/22852062_1952835785040557_6271015126290753037_n-768x512.jpg 768w, https:\/\/bankkultur.ch\/wp-content\/uploads\/2018\/11\/22852062_1952835785040557_6271015126290753037_n-580x386.jpg 580w\" sizes=\"(max-width: 800px) 100vw, 800px\" \/><\/a><\/figure><\/li>\n<li class=\"one_half\">\n<figure><a href=\"https:\/\/bankkultur.ch\/wp-content\/uploads\/2018\/11\/23380418_1953076998349769_4900328513663976533_n.jpg\" rel=\"ilightbox[69f24b852e0f8]\"><img width=\"600\" height=\"800\" src=\"https:\/\/bankkultur.ch\/wp-content\/uploads\/2018\/11\/23380418_1953076998349769_4900328513663976533_n.jpg\" class=\"attachment-full size-full\" alt=\"\" loading=\"lazy\" srcset=\"https:\/\/bankkultur.ch\/wp-content\/uploads\/2018\/11\/23380418_1953076998349769_4900328513663976533_n.jpg 600w, https:\/\/bankkultur.ch\/wp-content\/uploads\/2018\/11\/23380418_1953076998349769_4900328513663976533_n-113x150.jpg 113w, https:\/\/bankkultur.ch\/wp-content\/uploads\/2018\/11\/23380418_1953076998349769_4900328513663976533_n-225x300.jpg 225w, https:\/\/bankkultur.ch\/wp-content\/uploads\/2018\/11\/23380418_1953076998349769_4900328513663976533_n-580x773.jpg 580w, https:\/\/bankkultur.ch\/wp-content\/uploads\/2018\/11\/23380418_1953076998349769_4900328513663976533_n-150x200.jpg 150w\" sizes=\"(max-width: 600px) 100vw, 600px\" \/><\/a><\/figure><\/li>\n<\/ul>\n<\/div>\n<\/div>\n<\/div>\n<\/div>\n<\/div>\n<\/div>\n<\/div>\n\n","protected":false},"excerpt":{"rendered":"","protected":false},"author":1,"featured_media":2571,"parent":2511,"menu_order":0,"comment_status":"closed","ping_status":"closed","template":"","meta":{"_et_pb_use_builder":"","_et_pb_old_content":"","_et_gb_content_width":"","_monsterinsights_skip_tracking":false,"_monsterinsights_sitenote_active":false,"_monsterinsights_sitenote_note":"","_monsterinsights_sitenote_category":0},"yoast_head":"<!-- This site is optimized with the Yoast SEO plugin v16.2 - https:\/\/yoast.com\/wordpress\/plugins\/seo\/ -->\n<title>TimberChill Art Design - individuelle Kunstkarten aus Fotos<\/title>\n<meta name=\"description\" content=\"Kunstkarten von TimberChill Art Design werden individuell f\u00fcr Sie angefertig. Aus dem reichen Foto-Schatz der K\u00fcnstlerin oder aus Ihren eigenen Fotos.\" \/>\n<meta name=\"robots\" content=\"index, follow, max-snippet:-1, max-image-preview:large, max-video-preview:-1\" \/>\n<link rel=\"canonical\" href=\"https:\/\/bankkultur.ch\/fr\/de\/spenden\/kunstkarten\/\" \/>\n<meta property=\"og:locale\" content=\"de_DE\" \/>\n<meta property=\"og:type\" content=\"article\" \/>\n<meta property=\"og:title\" content=\"TimberChill Art Design - individuelle Kunstkarten aus Fotos\" \/>\n<meta property=\"og:description\" content=\"Kunstkarten von TimberChill Art Design werden individuell f\u00fcr Sie angefertig. Aus dem reichen Foto-Schatz der K\u00fcnstlerin oder aus Ihren eigenen Fotos.\" \/>\n<meta property=\"og:url\" content=\"https:\/\/bankkultur.ch\/fr\/de\/spenden\/kunstkarten\/\" \/>\n<meta property=\"og:site_name\" content=\"Bankkultur\" \/>\n<meta property=\"article:publisher\" content=\"http:\/\/www.facebook.com\/bankkultur\" \/>\n<meta property=\"article:modified_time\" content=\"2018-11-24T21:10:49+00:00\" \/>\n<meta property=\"og:image\" content=\"https:\/\/bankkultur.ch\/wp-content\/uploads\/2018\/11\/IMG_20181121_114757.jpg\" \/>\n\t<meta property=\"og:image:width\" content=\"1600\" \/>\n\t<meta property=\"og:image:height\" content=\"1110\" \/>\n<meta name=\"twitter:card\" content=\"summary\" \/>\n<meta name=\"twitter:site\" content=\"@bankgeheimnisse\" \/>\n<meta name=\"twitter:label1\" content=\"Gesch\u00e4tzte Lesezeit\">\n\t<meta name=\"twitter:data1\" content=\"3\u00a0Minuten\">\n<script type=\"application\/ld+json\" class=\"yoast-schema-graph\">{\"@context\":\"https:\/\/schema.org\",\"@graph\":[{\"@type\":\"Organization\",\"@id\":\"https:\/\/bankkultur.ch\/fr\/fr\/accueil\/#organization\",\"name\":\"Verein zur F\\u00f6rderung der Schweizer Bankkultur\",\"url\":\"https:\/\/bankkultur.ch\/fr\/fr\/accueil\/\",\"sameAs\":[\"http:\/\/www.facebook.com\/bankkultur\",\"http:\/\/instagram.com\/bankgeheimnisse\",\"https:\/\/twitter.com\/bankgeheimnisse\"],\"logo\":{\"@type\":\"ImageObject\",\"@id\":\"https:\/\/bankkultur.ch\/fr\/fr\/accueil\/#logo\",\"inLanguage\":\"de\",\"url\":\"http:\/\/bankkultur.ch\/wp-content\/uploads\/2017\/03\/cropped-Logo-Feb.2017-Icon.jpg\",\"contentUrl\":\"http:\/\/bankkultur.ch\/wp-content\/uploads\/2017\/03\/cropped-Logo-Feb.2017-Icon.jpg\",\"width\":512,\"height\":512,\"caption\":\"Verein zur F\\u00f6rderung der Schweizer Bankkultur\"},\"image\":{\"@id\":\"https:\/\/bankkultur.ch\/fr\/fr\/accueil\/#logo\"}},{\"@type\":\"WebSite\",\"@id\":\"https:\/\/bankkultur.ch\/fr\/fr\/accueil\/#website\",\"url\":\"https:\/\/bankkultur.ch\/fr\/fr\/accueil\/\",\"name\":\"Bankkultur\",\"description\":\"Verein zur F\\u00f6rderung der Schweizer Bankkultur\",\"publisher\":{\"@id\":\"https:\/\/bankkultur.ch\/fr\/fr\/accueil\/#organization\"},\"potentialAction\":[{\"@type\":\"SearchAction\",\"target\":\"https:\/\/bankkultur.ch\/fr\/fr\/accueil\/?s={search_term_string}\",\"query-input\":\"required name=search_term_string\"}],\"inLanguage\":\"de\"},{\"@type\":\"ImageObject\",\"@id\":\"https:\/\/bankkultur.ch\/fr\/de\/spenden\/kunstkarten\/#primaryimage\",\"inLanguage\":\"de\",\"url\":\"https:\/\/bankkultur.ch\/wp-content\/uploads\/2018\/11\/IMG_20181121_114757.jpg\",\"contentUrl\":\"https:\/\/bankkultur.ch\/wp-content\/uploads\/2018\/11\/IMG_20181121_114757.jpg\",\"width\":1600,\"height\":1110},{\"@type\":\"WebPage\",\"@id\":\"https:\/\/bankkultur.ch\/fr\/de\/spenden\/kunstkarten\/#webpage\",\"url\":\"https:\/\/bankkultur.ch\/fr\/de\/spenden\/kunstkarten\/\",\"name\":\"TimberChill Art Design - individuelle Kunstkarten aus Fotos\",\"isPartOf\":{\"@id\":\"https:\/\/bankkultur.ch\/fr\/fr\/accueil\/#website\"},\"primaryImageOfPage\":{\"@id\":\"https:\/\/bankkultur.ch\/fr\/de\/spenden\/kunstkarten\/#primaryimage\"},\"datePublished\":\"2018-11-21T10:58:07+00:00\",\"dateModified\":\"2018-11-24T21:10:49+00:00\",\"description\":\"Kunstkarten von TimberChill Art Design werden individuell f\\u00fcr Sie angefertig. Aus dem reichen Foto-Schatz der K\\u00fcnstlerin oder aus Ihren eigenen Fotos.\",\"breadcrumb\":{\"@id\":\"https:\/\/bankkultur.ch\/fr\/de\/spenden\/kunstkarten\/#breadcrumb\"},\"inLanguage\":\"de\",\"potentialAction\":[{\"@type\":\"ReadAction\",\"target\":[\"https:\/\/bankkultur.ch\/fr\/de\/spenden\/kunstkarten\/\"]}]},{\"@type\":\"BreadcrumbList\",\"@id\":\"https:\/\/bankkultur.ch\/fr\/de\/spenden\/kunstkarten\/#breadcrumb\",\"itemListElement\":[{\"@type\":\"ListItem\",\"position\":1,\"item\":{\"@type\":\"WebPage\",\"@id\":\"https:\/\/bankkultur.ch\/de\/fr\/verein\/\",\"url\":\"https:\/\/bankkultur.ch\/de\/fr\/verein\/\",\"name\":\"Accueil\"}},{\"@type\":\"ListItem\",\"position\":2,\"item\":{\"@type\":\"WebPage\",\"@id\":\"https:\/\/bankkultur.ch\/fr\/de\/spenden\/\",\"url\":\"https:\/\/bankkultur.ch\/fr\/de\/spenden\/\",\"name\":\"Spenden\"}},{\"@type\":\"ListItem\",\"position\":3,\"item\":{\"@id\":\"https:\/\/bankkultur.ch\/fr\/de\/spenden\/kunstkarten\/#webpage\"}}]}]}<\/script>\n<!-- \/ Yoast SEO plugin. -->","_links":{"self":[{"href":"https:\/\/bankkultur.ch\/fr\/wp-json\/wp\/v2\/pages\/2558"}],"collection":[{"href":"https:\/\/bankkultur.ch\/fr\/wp-json\/wp\/v2\/pages"}],"about":[{"href":"https:\/\/bankkultur.ch\/fr\/wp-json\/wp\/v2\/types\/page"}],"author":[{"embeddable":true,"href":"https:\/\/bankkultur.ch\/fr\/wp-json\/wp\/v2\/users\/1"}],"replies":[{"embeddable":true,"href":"https:\/\/bankkultur.ch\/fr\/wp-json\/wp\/v2\/comments?post=2558"}],"version-history":[{"count":6,"href":"https:\/\/bankkultur.ch\/fr\/wp-json\/wp\/v2\/pages\/2558\/revisions"}],"predecessor-version":[{"id":2689,"href":"https:\/\/bankkultur.ch\/fr\/wp-json\/wp\/v2\/pages\/2558\/revisions\/2689"}],"up":[{"embeddable":true,"href":"https:\/\/bankkultur.ch\/fr\/wp-json\/wp\/v2\/pages\/2511"}],"wp:featuredmedia":[{"embeddable":true,"href":"https:\/\/bankkultur.ch\/fr\/wp-json\/wp\/v2\/media\/2571"}],"wp:attachment":[{"href":"https:\/\/bankkultur.ch\/fr\/wp-json\/wp\/v2\/media?parent=2558"}],"curies":[{"name":"wp","href":"https:\/\/api.w.org\/{rel}","templated":true}]}}